{"id":1233,"date":"2025-05-28T12:03:31","date_gmt":"2025-05-28T10:03:31","guid":{"rendered":"https:\/\/centroccfogaszat.hu\/?page_id=1233"},"modified":"2025-08-13T14:43:01","modified_gmt":"2025-08-13T12:43:01","slug":"datenschutzerklaerung","status":"publish","type":"page","link":"https:\/\/centroccfogaszat.hu\/de\/adatvedelmi-szabalyzat\/","title":{"rendered":"Datenschutzerkl\u00e4rung"},"content":{"rendered":"<div data-elementor-type=\"wp-page\" data-elementor-id=\"1233\" class=\"elementor elementor-1233\" data-elementor-post-type=\"page\">\n\t\t\t\t<div class=\"elementor-element elementor-element-6f668789 e-flex e-con-boxed e-con e-parent\" data-id=\"6f668789\" data-element_type=\"container\" data-e-type=\"container\" data-settings=\"{&quot;background_background&quot;:&quot;classic&quot;}\">\n\t\t\t\t\t<div class=\"e-con-inner\">\n\t\t<div class=\"elementor-element elementor-element-20485b8d e-con-full e-flex e-con e-child\" data-id=\"20485b8d\" data-element_type=\"container\" data-e-type=\"container\">\n\t\t\t\t<div class=\"elementor-element elementor-element-4d869996 elementor-invisible elementor-widget elementor-widget-heading\" data-id=\"4d869996\" data-element_type=\"widget\" data-e-type=\"widget\" data-settings=\"{&quot;_animation&quot;:&quot;fadeInUp&quot;,&quot;_animation_delay&quot;:200}\" data-widget_type=\"heading.default\">\n\t\t\t\t<div class=\"elementor-widget-container\">\n\t\t\t\t\t<h1 class=\"elementor-heading-title elementor-size-default\">Datenschutzerkl\u00e4rung<\/h1>\t\t\t\t<\/div>\n\t\t\t\t<\/div>\n\t\t\t\t<\/div>\n\t\t\t\t\t<\/div>\n\t\t\t\t<\/div>\n\t\t<div class=\"elementor-element elementor-element-4a85598 e-flex e-con-boxed e-con e-parent\" data-id=\"4a85598\" data-element_type=\"container\" data-e-type=\"container\">\n\t\t\t\t\t<div class=\"e-con-inner\">\n\t\t<div class=\"elementor-element elementor-element-4a406fef e-con-full e-flex elementor-invisible e-con e-child\" data-id=\"4a406fef\" data-element_type=\"container\" data-e-type=\"container\" data-settings=\"{&quot;animation&quot;:&quot;fadeInLeft&quot;}\">\n\t\t\t\t<div class=\"elementor-element elementor-element-2ac2599 elementor-widget elementor-widget-heading\" data-id=\"2ac2599\" data-element_type=\"widget\" data-e-type=\"widget\" data-widget_type=\"heading.default\">\n\t\t\t\t<div class=\"elementor-widget-container\">\n\t\t\t\t\t<h2 class=\"elementor-heading-title elementor-size-default\">Datenschutzerkl\u00e4rung\n<\/br>Fog\u00e1szati rendel\u0151\u2013 CENTROCC LauDent Kft.\n<\/h2>\t\t\t\t<\/div>\n\t\t\t\t<\/div>\n\t\t\t\t<div class=\"elementor-element elementor-element-2b639837 elementor-widget elementor-widget-text-editor\" data-id=\"2b639837\" data-element_type=\"widget\" data-e-type=\"widget\" data-widget_type=\"text-editor.default\">\n\t\t\t\t<div class=\"elementor-widget-container\">\n\t\t\t\t\t\t\t\t\t<p>Die von Ihnen angegebenen personenbezogenen Daten werden verarbeitet von:<\/p><p><strong>CENTROCC LauDent Kft.<\/strong><\/p><p>Sitz: 1036 Budapest, B\u00e9csi \u00fat 52. III. Stock, T\u00fcr 4<\/p><p>Steuernummer: 12081976-1-41<\/p><p>Handelsregisternummer: 01-09-463860<\/p><p class=\"translation-block\">Gericht der Registrierung: Handelsgericht des Budapester Landgerichts \u2013 im Folgenden: <strong>Verantwortlicher f\u00fcr die Datenverarbeitung<\/strong>.<\/p><p class=\"translation-block\">Bitte lesen Sie unsere vorliegende Datenschutzerkl\u00e4rung (im Folgenden: <strong>Erkl\u00e4rung<\/strong>) aufmerksam, in der wir unsere Praxis bez\u00fcglich der Verarbeitung Ihrer personenbezogenen Daten gem\u00e4\u00df der Datenschutz-Grundverordnung (DSGVO, Verordnung (EU) 2016\/679 des Europ\u00e4ischen Parlaments und des Rates) erl\u00e4utern. Diese Erkl\u00e4rung gilt f\u00fcr Personen (<strong>Sie<\/strong>), die die Dienste des Verantwortlichen f\u00fcr die Datenverarbeitung als Verbraucher in Anspruch nehmen. Sie erl\u00e4utert, wie der Verantwortliche Ihre personenbezogenen Daten sammelt, verwendet und in bestimmten F\u00e4llen an Dritte weitergibt, und informiert \u00fcber Ihre \u201eBetroffenenrechte\u201c im Zusammenhang mit der Datenverarbeitung.<\/p><p>Der Datenverantwortliche verpflichtet sich zum Schutz der personenbezogenen Daten und der Privatsph\u00e4re der Besucher dieser Website. Diese Informationen und Erkl\u00e4rungen beziehen sich in erster Linie auf die vertrauliche Behandlung und den Schutz der personenbezogenen Daten von Kunden und Newsletter-Abonnenten im Internet, gelten jedoch auch f\u00fcr die Besucher der Website. Wir fassen zusammen, welche Daten der Eigent\u00fcmer \u00fcber Sie sammeln und verwenden darf und auf welche Weise diese Daten verwendet werden d\u00fcrfen. Die Daten werden nicht an unbefugte Personen weitergegeben und werden in der in dieser Erkl\u00e4rung festgelegten Form verwendet.<\/p><p>In Einzelf\u00e4llen kann der Zweck der Datenverarbeitung in den Vertr\u00e4gen ge\u00e4ndert werden, was gem\u00e4\u00df den in dem jeweiligen Vertrag festgelegten Bedingungen erfolgt.<\/p><p>Die Informationen enthalten wichtige Angaben zum Schutz Ihrer personenbezogenen Daten und zu Ihren diesbez\u00fcglichen Rechten. Wenn Sie diese Bedingungen nicht akzeptieren, haben Sie das Recht, die Nutzung der Website auszusetzen und das Surfen ohne Angabe personenbezogener Daten zu beenden.<\/p><h4><strong>VERANTWORTUNG UND ERREICHBARKEIT DES DATENVERANTWORTLICHEN<\/strong><\/h4><p><strong>1.1 Adatkezel\u00e9ssel kapcsolatos inform\u00e1ci\u00f3k<\/strong><\/p><p class=\"translation-block\">Hinsichtlich der in dieser Erkl\u00e4rung beschriebenen Datenverarbeitungen ist <strong>CENTROCC LauDent Kft.<\/strong> der Datenverantwortliche (im Folgenden: <strong>Verantwortlicher f\u00fcr die Datenverarbeitung<\/strong>).<\/p><p class=\"translation-block\">Bei Anmerkungen, Fragen oder Beschwerden zu unseren Datenschutzverfahren sind wir unter folgenden Kontaktdaten erreichbar: <strong>CENTROCC LauDent Kft.<\/strong>, 1036 Budapest, B\u00e9csi \u00fat 52. III. Stock, T\u00fcr 4, oder schreiben Sie eine E-Mail an <strong>recepcio@centroccfogaszat.hu<\/strong>.<\/p><table width=\"602\"><tbody><tr><td width=\"302\"><strong>Adatkezel\u0151<\/strong><\/td><td width=\"300\"><strong>Felel\u0151ss\u00e9gi k\u00f6r\u00f6k<\/strong><\/td><\/tr><tr><td width=\"302\"><p><strong>CENTROCC LauDent Kft.<\/strong><\/p><p>1036 Budapest, B\u00e9csi \u00fat 52. III. em. 4. ajt\u00f3<\/p><\/td><td width=\"300\">\u00d6sszes tev\u00e9kenys\u00e9g<\/td><\/tr><\/tbody><\/table><p>Entsprechend Ihrer Wahl haben Sie auch ohne Angabe Ihrer personenbezogenen Daten Zugriff auf unsere Websites, jedoch ist f\u00fcr das Surfen die Zustimmung zu den Cookie-Richtlinien und im Falle einer Newsletter-Anmeldung die Zustimmung zur Datenschutzerkl\u00e4rung und -erkl\u00e4rung unerl\u00e4sslich. Personenbezogene Daten sind alle Informationen, die sich direkt oder indirekt auf eine nat\u00fcrliche Person beziehen, die anhand einer Identifikationsnummer oder der dazugeh\u00f6rigen Daten identifiziert werden kann. Wenn der Eigent\u00fcmer der Website Ihre personenbezogenen Daten erfasst, erfolgt die Datenerfassung auf transparente Weise und unter vertraulicher Datenverarbeitung.<\/p><p>Ihre personenbezogenen Daten sind Informationen, mit denen Sie identifiziert werden k\u00f6nnen, z. B.: Nachname, Vorname, Staatsangeh\u00f6rigkeit, Telefonnummer, Postanschrift, E-Mail-Adresse. Ihre personenbezogenen Daten werden vom Eigent\u00fcmer beim Surfen auf der Website auf freiwilliger Basis erfasst, wobei in jedem Fall die zur Erreichung des Zwecks erforderlichen Daten angegeben werden m\u00fcssen. Wenn Sie diese Daten nicht angeben m\u00f6chten, k\u00f6nnen Sie auf bestimmte Funktionen und Dienste der Website nicht zugreifen. Die Erhebung der optional anzugebenden Daten dient dazu, die Bed\u00fcrfnisse der Nutzer zu ermitteln und die Website und die Dienste weiterzuentwickeln.<\/p><p>Der Eigent\u00fcmer unternimmt alle erforderlichen Ma\u00dfnahmen, um sicherzustellen, dass die von ihm verwalteten personenbezogenen Daten korrekt und aktuell sind.<\/p><p><strong>Die folgenden personenbezogenen Daten werden verarbeitet:<\/strong><\/p><ul><li>Nachname, Vorname, Firmenname und Name des Ansprechpartners (im Falle einer Firma)<\/li><li>Sitzadresse (bei Unternehmen), Wohnadresse, Postanschrift<\/li><li>E-Mail-Adresse<\/li><li>Telefonnummer<\/li><li>Systeminformationen (IP-Adresse, Systemversion, Aufl\u00f6sung, Statistiken zu den auf der Website angesehenen Seiten, Surfgewohnheiten, Verhaltensmuster)<\/li><\/ul><h4><strong>Dauer der Datenverarbeitung:<\/strong><\/h4><ul><li>In Bezug auf Einwilligungen f\u00fcr Direktmarketingzwecke bis zum Widerruf der Einwilligung durch den Nutzer<\/li><li>In Bezug auf Profildaten: 4 Jahre ab der letzten Anmeldung<\/li><li>In Bezug auf Kaufdaten gem\u00e4\u00df \u00a7 169 Abs. 2 des Rechnungslegungsgesetzes 8 Jahre<\/li><\/ul><h4><strong>Bedingungen f\u00fcr die Daten\u00fcbermittlung<\/strong><\/h4><p>Der Datenverarbeiter kann die von ihm verwalteten Daten \u2013 im erforderlichen Umfang \u2013 an von ihm benannte Personen und Unternehmen weitergeben, die in den folgenden Bereichen t\u00e4tig sind:<\/p><ul><li>Datenverarbeitung<\/li><li>Rechtsvertretung<\/li><li>Beh\u00f6rden, die gem\u00e4\u00df den gesetzlichen Bestimmungen zur Behandlung von Rechtsstreitigkeiten befugt sind<\/li><li>Lieferung<\/li><li>Buchhaltung<\/li><li>Forderungsmanagement<\/li><li>Marketing<\/li><li>Rechnungsstellung<\/li><\/ul><h4><strong>Datenverarbeiter<\/strong><\/h4><p>Bei Eink\u00e4ufen im Webshop \u00fcbermittelt der Datenverarbeiter (basierend auf der vom Nutzer angegebenen Versandart) den Namen und die Lieferadresse des Nutzers (bei Kurierdienst die E-Mail-Adresse und Telefonnummer, um den Liefertermin zu vereinbaren) sowie Informationen \u00fcber den zu zahlenden Kaufpreis (ggf. im Voraus bezahlt) an das Lieferunternehmen weiter, damit das Produkt an den Nutzer ausgeliefert werden kann.<\/p><h4><strong>Unternehmen und Personen, die Daten verarbeiten oder mit Daten umgehen<\/strong><\/h4><p class=\"translation-block\">Die Eigent\u00fcmerin, <strong>CENTROCC LauDent Kft.<\/strong>, f\u00fchrt die Datenverarbeitung durch. Neben der Eigent\u00fcmerin sind auch andere Unternehmen an der Verarbeitung und Speicherung der Daten der vertraglichen Kunden beteiligt.<\/p><h4><strong>Welche Unternehmen sind an der Datenverarbeitung beteiligt?<\/strong><\/h4><p>Unternehmen, die im Rahmen der T\u00e4tigkeit des Eigent\u00fcmers mit der Datenverarbeitung befasst sind:<\/p><p>Alle Dienstleister, bei denen personenbezogene Daten erscheinen, m\u00fcssen aufgef\u00fchrt werden:<\/p><ul><li class=\"translation-block\">Hosting-Anbieter: <strong>RACKFOREST ZRT. (1132 Budapest, Victor-Hugo-Stra\u00dfe 11, 5. Etage, B05001, info@rackforest.hu)<\/strong><\/li><li class=\"translation-block\"><strong>Google Inc.<\/strong>: 1600 Amphitheatre Parkway, Mountain View, CA 94043, USA, <a href=\"https:\/\/www.google.hu\/intl\/hu\/contact\/\" target=\"_self\">weitere Kontaktm\u00f6glichkeiten<\/a>, E-Mail-System, Speicherung von Daten und Dateien in der Cloud, Online-Dokumentenverwaltung, sowie die zugeh\u00f6rigen Dienste: Google Drive, Google Docs, Google Search Console, Google Analytics, Google AdSense, Google Ads, YouTube, Blogger, Unterst\u00fctzung des Chrome-Browsers \u2013 Google <a href=\"https:\/\/support.google.com\/a\/answer\/60762?hl=en\" target=\"_self\">Datenschutz<\/a> und <a href=\"https:\/\/policies.google.com\/privacy?hl=hu\" target=\"_self\">Datenschutzrichtlinien<\/a>.<\/li><li class=\"translation-block\"><strong>Facebook Ireland Ltd.<\/strong>: 4 Grand Canal Square, Grand Canal Harbour, Dublin 2, Irland, Unterst\u00fctzung von Facebook, Instagram, Messenger und anderen von Facebook angebotenen Produkten und Funktionen \u2013 <a href=\"https:\/\/www.facebook.com\/about\/privacy\/update\" target=\"_self\">Datenschutzbestimmungen<\/a> und die Kontaktdaten des Datenschutzbeauftragten <a href=\"https:\/\/www.facebook.com\/help\/contact\/540977946302970\" target=\"_self\">hier<\/a>.<\/li><li class=\"translation-block\"><strong>Twitter International Company<\/strong>: One Cumberland Place, Fenian Street, Dublin 2, D02 AX07, IRLAND, Nutzung der von Twitter angebotenen Produkte und Funktionen \u2013 <a href=\"https:\/\/twitter.com\/en\/privacy\" target=\"_self\">Datenschutzbestimmungen<\/a> und <a href=\"https:\/\/twitter.com\/en\/tos\" target=\"_self\">AGB<\/a>.<\/li><li>In besonderen F\u00e4llen kann der Vertrag weitere Datenverarbeiter oder Unternehmen enthalten.<\/li><\/ul><h4><strong>Rechte des Dateneigent\u00fcmers und Rechtsdurchsetzung<\/strong><\/h4><p>Wenn Sie nicht m\u00f6chten, dass Ihre personenbezogenen Daten f\u00fcr die \u00dcbermittlung von kommerziellen Angeboten verwendet werden, haben Sie das Recht, dies ohne Angabe von Gr\u00fcnden zu untersagen. Ihren Antrag auf L\u00f6schung m\u00fcssen Sie schriftlich per E-Mail oder Post an den Datenverantwortlichen unter den auf der Website angegebenen Kontaktdaten senden.<\/p><h4><strong>Schutz der personenbezogenen Daten von Minderj\u00e4hrigen und Personen mit eingeschr\u00e4nkter Handlungsf\u00e4higkeit<\/strong><\/h4><p class=\"translation-block\">Die Internetseite von <strong>CENTROCC LauDent Kft.<\/strong> sowie deren Inhalte richten sich \u00fcberwiegend nicht an Kinder unter 13 Jahren. Wir verarbeiten und sammeln keine personenbezogenen Daten von Kindern unter 13 Jahren ohne nachweisbare Zustimmung der Eltern oder Erziehungsberechtigten. Eltern oder Erziehungsberechtigte k\u00f6nnen die Herausgabe oder L\u00f6schung der Daten ihres Kindes verlangen. Wenn dem Verantwortlichen f\u00fcr die Datenverarbeitung w\u00e4hrend der Datenverarbeitung oder Datenbearbeitung das Alter des Kindes bekannt wird, d\u00fcrfen die Daten zum Zweck der Einholung der elterlichen Zustimmung verwendet werden.<\/p><p>Die Zustimmung des gesetzlichen Vertreters ist erforderlich f\u00fcr Erkl\u00e4rungen von handlungsunf\u00e4higen und beschr\u00e4nkt handlungsf\u00e4higen Minderj\u00e4hrigen, mit Ausnahme von Dienstleistungen, die im Alltag h\u00e4ufig vorkommen und keine besonderen \u00dcberlegungen erfordern, wie z. B. Registrierungen.<\/p><h3><strong>Begriffe<\/strong><\/h3><ul><li class=\"translation-block\"><strong>Datenverarbeiter:<\/strong> nat\u00fcrliche oder juristische Person, eine \u00f6ffentliche Beh\u00f6rde, Agentur oder jede andere Stelle, die personenbezogene Daten im Namen des Verantwortlichen f\u00fcr die Datenverarbeitung verarbeitet.<\/li><li class=\"translation-block\"><strong>Datenverarbeitung:<\/strong> jede einzelne oder jede Gesamtheit von Vorg\u00e4ngen, die an personenbezogenen Daten oder Datens\u00e4tzen automatisiert oder nicht automatisiert durchgef\u00fchrt werden, zum Beispiel: Erhebung, Erfassung, Organisation, Strukturierung, Speicherung, Umwandlung, \u00c4nderung, Abfrage, Einsichtnahme, Nutzung, Offenlegung, \u00dcbermittlung, Verbreitung, anderweitige Zug\u00e4nglichmachung, Abstimmung, Verkn\u00fcpfung, Einschr\u00e4nkung, L\u00f6schung, Vernichtung.<\/li><li class=\"translation-block\"><strong>Datenweitergabe:<\/strong> die Zug\u00e4nglichmachung personenbezogener Daten, die vom Verantwortlichen f\u00fcr die Datenverarbeitung verarbeitet werden, f\u00fcr Dritte.<\/li><li class=\"translation-block\"><strong>Datenschutzvorfall:<\/strong> eine Sicherheitsverletzung, die zur unbeabsichtigten oder unrechtm\u00e4\u00dfigen Zerst\u00f6rung, zum Verlust, zur Ver\u00e4nderung, zur unbefugten Offenlegung oder zum unbefugten Zugriff auf \u00fcbermittelte, gespeicherte oder anderweitig verarbeitete personenbezogene Daten f\u00fchrt.<\/li><li class=\"translation-block\"><strong>AGB:<\/strong> die auf der Website ver\u00f6ffentlichten Allgemeinen Gesch\u00e4ftsbedingungen, die die Regeln f\u00fcr den Verkauf von Produkten und Dienstleistungen des Verantwortlichen f\u00fcr die Datenverarbeitung festlegen.<\/li><li class=\"translation-block\"><strong>Identifizierbare nat\u00fcrliche Person:<\/strong> eine nat\u00fcrliche Person, die direkt oder indirekt anhand eines Identifikators, wie z.\u202fB. Name, Identifikationsnummer, Standortdaten, Online-Kennung oder eines oder mehrerer Faktoren, die sich auf physische, physiologische, genetische, geistige, wirtschaftliche, kulturelle oder soziale Identit\u00e4t beziehen, identifiziert werden kann.<\/li><li class=\"translation-block\"><strong>Empf\u00e4nger:<\/strong> nat\u00fcrliche oder juristische Person, eine \u00f6ffentliche Beh\u00f6rde, Agentur oder jede andere Stelle, der personenbezogene Daten mitgeteilt werden, unabh\u00e4ngig davon, ob es sich um Dritte handelt.<\/li><li class=\"translation-block\"><strong>Einwilligung der betroffenen Person:<\/strong> die freiwillige, konkrete, auf angemessener Information beruhende, eindeutige Erkl\u00e4rung des Betroffenen, durch die die betroffene Person mittels einer Erkl\u00e4rung oder einer eindeutig best\u00e4tigenden Handlung signalisiert, dass sie der Verarbeitung ihrer personenbezogenen Daten zustimmt.<\/li><li class=\"translation-block\"><strong>Betroffene Person:<\/strong> jede identifizierte oder identifizierbare nat\u00fcrliche Person anhand beliebiger Informationen.<\/li><li class=\"translation-block\"><strong>Nutzer:<\/strong> Besucher der vom Verantwortlichen f\u00fcr die Datenverarbeitung betriebenen Website https:\/\/www.centroccfogaszat.hu sowie anderer dort angegebener Adressen.<\/li><li class=\"translation-block\"><strong>Dritter:<\/strong> nat\u00fcrliche oder juristische Person, eine \u00f6ffentliche Beh\u00f6rde, Agentur oder jede andere Stelle, die nicht identisch ist mit der betroffenen Person, dem Verantwortlichen f\u00fcr die Datenverarbeitung, dem Datenverarbeiter oder den Personen, die befugt sind, personenbezogene Daten unter der direkten Leitung des Verantwortlichen oder des Datenverarbeiters zu verarbeiten.<\/li><li class=\"translation-block\"><strong>Beh\u00f6rde:<\/strong> Nationale Datenschutz- und Informationsfreiheit-Beh\u00f6rde (Sitz: 1125 Budapest, Szil\u00e1gyi Erzs\u00e9bet fasor 22\/c., Telefon: 06-1 391-1400, Fax: 06-1 391-1410, E-Mail: ugyfelszolgalat@naih.hu, Website: naih.hu)<\/li><li class=\"translation-block\"><strong>Partner\/Kunde:<\/strong> eine nat\u00fcrliche Person, die keinen Vertrag \u00fcber die Website mit dem Verantwortlichen f\u00fcr die Datenverarbeitung zum Verkauf von Produkten oder zur Erbringung von Dienstleistungen abschlie\u00dft.<\/li><li class=\"translation-block\"><strong>Registrierung:<\/strong> die Erfassung personenbezogener Daten des Website-Nutzers, durch die ein Benutzerkonto erstellt wird.<\/li><li class=\"translation-block\"><strong>Personenbezogene Daten:<\/strong> alle Informationen, die sich auf die betroffene Person beziehen.<\/li><li class=\"translation-block\"><strong>Dienstleistung:<\/strong> die vom Verantwortlichen f\u00fcr die Datenverarbeitung seinen Kunden, Partnern und Nutzern auf der Website oder auf anderem Wege angebotenen Leistungen.<\/li><li class=\"translation-block\"><strong>Website:<\/strong> die vom Verantwortlichen f\u00fcr die Datenverarbeitung betriebenen Websites von <strong>CENTROCC LauDent Kft.<\/strong> sowie die unter den dort angegebenen weiteren Adressen erreichbaren Websites.<\/li><\/ul><p><strong>\u00a0<\/strong><\/p>\t\t\t\t\t\t\t\t<\/div>\n\t\t\t\t<\/div>\n\t\t\t\t<\/div>\n\t\t\t\t\t<\/div>\n\t\t\t\t<\/div>\n\t\t\t\t<\/div>","protected":false},"excerpt":{"rendered":"<p>Adatv\u00e9delmi szab\u00e1lyzat Adatv\u00e9delmi szab\u00e1lyzat Fog\u00e1szati rendel\u0151\u2013 CENTROCC LauDent Kft. Az \u00d6n \u00e1ltal megadott szem\u00e9lyes adatokat kezeli: CENTROCC LauDent Kft. Sz\u00e9khely: 1036 Budapest, B\u00e9csi \u00fat 52. III. em. 4. ajt\u00f3 Ad\u00f3sz\u00e1m: 12081976-1-41 C\u00e9gjegyz\u00e9ksz\u00e1m: 01-09-463860 Nyilv\u00e1ntart\u00e1sba bejegyz\u0151 b\u00edr\u00f3s\u00e1g: Budapesti T\u00f6rv\u00e9nysz\u00e9k C\u00e9gb\u00edr\u00f3s\u00e1ga &#8211; a tov\u00e1bbiakban: Adatkezel\u0151. K\u00e9rj\u00fck, figyelmesen olvassa el jelen adatkezel\u00e9si t\u00e1j\u00e9koztat\u00f3nkat (a tov\u00e1bbiakban: T\u00e1j\u00e9koztat\u00f3), melyben szem\u00e9lyes [&hellip;]<\/p>\n","protected":false},"author":2,"featured_media":0,"parent":0,"menu_order":0,"comment_status":"closed","ping_status":"closed","template":"elementor_header_footer","meta":{"_seopress_robots_primary_cat":"","_seopress_titles_title":"","_seopress_titles_desc":"","_seopress_robots_index":"","footnotes":""},"class_list":["post-1233","page","type-page","status-publish","hentry"],"_links":{"self":[{"href":"https:\/\/centroccfogaszat.hu\/de\/wp-json\/wp\/v2\/pages\/1233","targetHints":{"allow":["GET"]}}],"collection":[{"href":"https:\/\/centroccfogaszat.hu\/de\/wp-json\/wp\/v2\/pages"}],"about":[{"href":"https:\/\/centroccfogaszat.hu\/de\/wp-json\/wp\/v2\/types\/page"}],"author":[{"embeddable":true,"href":"https:\/\/centroccfogaszat.hu\/de\/wp-json\/wp\/v2\/users\/2"}],"replies":[{"embeddable":true,"href":"https:\/\/centroccfogaszat.hu\/de\/wp-json\/wp\/v2\/comments?post=1233"}],"version-history":[{"count":28,"href":"https:\/\/centroccfogaszat.hu\/de\/wp-json\/wp\/v2\/pages\/1233\/revisions"}],"predecessor-version":[{"id":3116,"href":"https:\/\/centroccfogaszat.hu\/de\/wp-json\/wp\/v2\/pages\/1233\/revisions\/3116"}],"wp:attachment":[{"href":"https:\/\/centroccfogaszat.hu\/de\/wp-json\/wp\/v2\/media?parent=1233"}],"curies":[{"name":"wp","href":"https:\/\/api.w.org\/{rel}","templated":true}]}}