{"id":1077,"date":"2025-05-26T22:35:44","date_gmt":"2025-05-26T20:35:44","guid":{"rendered":"https:\/\/centroccfogaszat.hu\/?page_id=1077"},"modified":"2025-09-15T16:08:07","modified_gmt":"2025-09-15T14:08:07","slug":"warranty","status":"publish","type":"page","link":"https:\/\/centroccfogaszat.hu\/en\/garancia\/","title":{"rendered":"Guarantee"},"content":{"rendered":"<div data-elementor-type=\"wp-page\" data-elementor-id=\"1077\" class=\"elementor elementor-1077\" data-elementor-post-type=\"page\">\n\t\t\t\t<div class=\"elementor-element elementor-element-6f668789 e-flex e-con-boxed e-con e-parent\" data-id=\"6f668789\" data-element_type=\"container\" data-e-type=\"container\" data-settings=\"{&quot;background_background&quot;:&quot;classic&quot;}\">\n\t\t\t\t\t<div class=\"e-con-inner\">\n\t\t<div class=\"elementor-element elementor-element-20485b8d e-con-full e-flex e-con e-child\" data-id=\"20485b8d\" data-element_type=\"container\" data-e-type=\"container\">\n\t\t\t\t<div class=\"elementor-element elementor-element-4d869996 elementor-invisible elementor-widget elementor-widget-heading\" data-id=\"4d869996\" data-element_type=\"widget\" data-e-type=\"widget\" data-settings=\"{&quot;_animation&quot;:&quot;fadeInUp&quot;,&quot;_animation_delay&quot;:200}\" data-widget_type=\"heading.default\">\n\t\t\t\t<div class=\"elementor-widget-container\">\n\t\t\t\t\t<h3 class=\"elementor-heading-title elementor-size-default\">Guarantee - Centrocc Dental<\/h3>\t\t\t\t<\/div>\n\t\t\t\t<\/div>\n\t\t\t\t<\/div>\n\t\t\t\t\t<\/div>\n\t\t\t\t<\/div>\n\t\t<div class=\"elementor-element elementor-element-4a85598 e-flex e-con-boxed e-con e-parent\" data-id=\"4a85598\" data-element_type=\"container\" data-e-type=\"container\">\n\t\t\t\t\t<div class=\"e-con-inner\">\n\t\t<div class=\"elementor-element elementor-element-4a406fef e-flex e-con-boxed elementor-invisible e-con e-child\" data-id=\"4a406fef\" data-element_type=\"container\" data-e-type=\"container\" data-settings=\"{&quot;animation&quot;:&quot;fadeInLeft&quot;}\">\n\t\t\t\t\t<div class=\"e-con-inner\">\n\t\t\t\t<div class=\"elementor-element elementor-element-7ca1314 elementor-invisible elementor-widget elementor-widget-heading\" data-id=\"7ca1314\" data-element_type=\"widget\" data-e-type=\"widget\" data-settings=\"{&quot;_animation&quot;:&quot;fadeInUp&quot;}\" data-widget_type=\"heading.default\">\n\t\t\t\t<div class=\"elementor-widget-container\">\n\t\t\t\t\t<h1 class=\"elementor-heading-title elementor-size-default\">Dental guarantee you can truly rely on<\/h1>\t\t\t\t<\/div>\n\t\t\t\t<\/div>\n\t\t\t\t<div class=\"elementor-element elementor-element-6a2cf04 elementor-invisible elementor-widget elementor-widget-heading\" data-id=\"6a2cf04\" data-element_type=\"widget\" data-e-type=\"widget\" data-settings=\"{&quot;_animation&quot;:&quot;fadeInUp&quot;}\" data-widget_type=\"heading.default\">\n\t\t\t\t<div class=\"elementor-widget-container\">\n\t\t\t\t\t<h2 class=\"elementor-heading-title elementor-size-default\">What does warranty-based dentistry mean for patients?<\/h2>\t\t\t\t<\/div>\n\t\t\t\t<\/div>\n\t\t\t\t<div class=\"elementor-element elementor-element-ba365a9 elementor-widget elementor-widget-heading\" data-id=\"ba365a9\" data-element_type=\"widget\" data-e-type=\"widget\" data-widget_type=\"heading.default\">\n\t\t\t\t<div class=\"elementor-widget-container\">\n\t\t\t\t\t<h3 class=\"elementor-heading-title elementor-size-default\">We craft dental restorations to the highest European standards and provide a comprehensive 3-year warranty on them. For all other dental work we perform, we offer a six-month warranty.<br>\nThe guarantee period begins upon completion of the entire treatment plan established during the initial assessment.<br><br>\nAs is standard in all medical fields, we do not guarantee the success of the treatment (achieving the desired outcome), but rather the high-quality work performed according to professional standards.<br>\nThis is because the success of treatment depends on many factors beyond our control, such as individual biological conditions, psychological factors, and more.<br><br>\nCentrocc Dental\u2019s warranty does not apply in the following cases:<br><br>\n<ul>\n  <li>Repairs of teeth or dental restorations performed by Centrocc Dental must not be carried out by others.<\/li>\n  <li>The annual check-up has not been attended.<\/li>\n  <li>The issue is caused by natural wear of the periodontium or jawbone.<\/li>\n  <li>The issue is caused by significant weight loss or gain within a short period, or by general diseases negatively affecting the masticatory system (such as diabetes, epilepsy, osteoporosis, or following radiation or cytostatic therapy).<\/li>\n  <li>Oral hygiene has been neglected.<\/li>\n<\/ul>\n<br><br>\n<b>Appointment Cancellation Policy<\/b><br><br>\nPlease inform us at least 24 hours before your scheduled treatment if you are unable to attend. Otherwise, a standby fee of 10,000 HUF will be charged for every half hour.\n\n\n<\/h3>\t\t\t\t<\/div>\n\t\t\t\t<\/div>\n\t\t\t\t<div class=\"elementor-element elementor-element-769d46b elementor-hidden-desktop elementor-hidden-tablet elementor-hidden-mobile elementor-invisible elementor-widget elementor-widget-heading\" data-id=\"769d46b\" data-element_type=\"widget\" data-e-type=\"widget\" data-settings=\"{&quot;_animation&quot;:&quot;fadeInUp&quot;}\" data-widget_type=\"heading.default\">\n\t\t\t\t<div class=\"elementor-widget-container\">\n\t\t\t\t\t<h2 class=\"elementor-heading-title elementor-size-default\">Dental Treatments with Warranty \u2013 Secure, Long-Term Solutions<\/h2>\t\t\t\t<\/div>\n\t\t\t\t<\/div>\n\t\t\t\t<div class=\"elementor-element elementor-element-2b639837 elementor-hidden-desktop elementor-hidden-tablet elementor-hidden-mobile elementor-widget elementor-widget-text-editor\" data-id=\"2b639837\" data-element_type=\"widget\" data-e-type=\"widget\" data-widget_type=\"text-editor.default\">\n\t\t\t\t<div class=\"elementor-widget-container\">\n\t\t\t\t\t\t\t\t\t<p class=\"normaltext translation-block\">We craft dental restorations to the highest European standards and offer a comprehensive 3-year warranty on them. For all other work we perform, we provide a six-month warranty.\nThe warranty period begins upon completion of the entire treatment plan established during the initial assessment.<\/p><p class=\"normaltext translation-block\">As is standard in all medical fields, we do not guarantee the success of the treatment (achieving the desired outcome), but rather the high-quality work carried out according to professional standards.\nThe reason for this is that the success of treatment depends on many factors beyond our control, such as individual biological conditions, psychological factors, and more.<\/p><p class=\"normaltext\">Centrocc Dental\u2019s warranty does not apply in the following cases:<\/p><ul><li class=\"normaltext\">Repairs of teeth or dental restorations performed by Centrocc Dental must not be carried out by others.<\/li><li class=\"normaltext\">The annual check-up was not attended.<\/li><li class=\"normaltext\">The issue is caused by natural wear of the periodontium or jawbone.<\/li><li class=\"normaltext translation-block\">A panaszt nagyobb m\u00e9rt\u00e9k\u0171, r\u00f6vid id\u0151n bel\u00fcl bek\u00f6vetkez\u0151 tests\u00falycs\u00f6kken\u00e9s, vagy n\u00f6veked\u00e9s,<br>vagy a r\u00e1g\u00f3szervre kedvez\u0151tlen\u00fcl kihat\u00f3, \u00e1ltal\u00e1nos megbeteged\u00e9s okozta<br>(cukorbetegs\u00e9g, epilepszia, osteopor\u00f3zis, sug\u00e1r- vagy citosztatikus kezel\u00e9s ut\u00e1n).<\/li><li class=\"normaltext\">Oral hygiene has been neglected.<\/li><\/ul><p><strong>Appointment Cancellation Policy<\/strong><\/p><p>Please inform us at least 24 hours before your scheduled treatment if you are unable to attend. Otherwise, a standby fee of 10,000 HUF will be charged for every half hour.<\/p>\t\t\t\t\t\t\t\t<\/div>\n\t\t\t\t<\/div>\n\t\t\t\t<div class=\"elementor-element elementor-element-cfa1181 elementor-align-center elementor-invisible elementor-widget elementor-widget-button\" data-id=\"cfa1181\" data-element_type=\"widget\" data-e-type=\"widget\" data-settings=\"{&quot;_animation&quot;:&quot;fadeInUp&quot;,&quot;_animation_delay&quot;:300}\" data-widget_type=\"button.default\">\n\t\t\t\t<div class=\"elementor-widget-container\">\n\t\t\t\t\t\t\t\t\t<div class=\"elementor-button-wrapper\">\n\t\t\t\t\t<a class=\"elementor-button elementor-button-link elementor-size-sm elementor-animation-float\" href=\"https:\/\/centroccfogaszat.hu\/en\/fogaszat-becsi-ut-centrocc-dental\/\">\n\t\t\t\t\t\t<span class=\"elementor-button-content-wrapper\">\n\t\t\t\t\t\t\t\t\t<span class=\"elementor-button-text\">Contact us<\/span>\n\t\t\t\t\t<\/span>\n\t\t\t\t\t<\/a>\n\t\t\t\t<\/div>\n\t\t\t\t\t\t\t\t<\/div>\n\t\t\t\t<\/div>\n\t\t\t\t\t<\/div>\n\t\t\t\t<\/div>\n\t\t\t\t\t<\/div>\n\t\t\t\t<\/div>\n\t\t<div class=\"elementor-element elementor-element-35bc08b e-flex e-con-boxed e-con e-parent\" data-id=\"35bc08b\" data-element_type=\"container\" data-e-type=\"container\" data-settings=\"{&quot;background_background&quot;:&quot;classic&quot;}\">\n\t\t\t\t\t<div class=\"e-con-inner\">\n\t\t<div class=\"elementor-element elementor-element-073dc82 e-con-full e-flex e-con e-child\" data-id=\"073dc82\" data-element_type=\"container\" data-e-type=\"container\">\n\t\t\t\t<div class=\"elementor-element elementor-element-377dd20 elementor-invisible elementor-widget elementor-widget-heading\" data-id=\"377dd20\" data-element_type=\"widget\" data-e-type=\"widget\" data-settings=\"{&quot;_animation&quot;:&quot;fadeInUp&quot;}\" data-widget_type=\"heading.default\">\n\t\t\t\t<div class=\"elementor-widget-container\">\n\t\t\t\t\t<h3 class=\"elementor-heading-title elementor-size-default\">Discover Our Services!<\/h3>\t\t\t\t<\/div>\n\t\t\t\t<\/div>\n\t\t\t\t<div class=\"elementor-element elementor-element-d493c5c elementor-invisible elementor-widget elementor-widget-heading\" data-id=\"d493c5c\" data-element_type=\"widget\" data-e-type=\"widget\" data-settings=\"{&quot;_animation&quot;:&quot;fadeInUp&quot;,&quot;_animation_delay&quot;:200}\" data-widget_type=\"heading.default\">\n\t\t\t\t<div class=\"elementor-widget-container\">\n\t\t\t\t\t<div class=\"elementor-heading-title elementor-size-default\">Discover our comprehensive treatments that can make your smile healthier and more confident! Browse through our services and find the ideal solution for you at our practice.<\/div>\t\t\t\t<\/div>\n\t\t\t\t<\/div>\n\t\t\t\t<div class=\"elementor-element elementor-element-bc22d2b elementor-align-center elementor-invisible elementor-widget elementor-widget-button\" data-id=\"bc22d2b\" data-element_type=\"widget\" data-e-type=\"widget\" data-settings=\"{&quot;_animation&quot;:&quot;fadeInUp&quot;,&quot;_animation_delay&quot;:300}\" data-widget_type=\"button.default\">\n\t\t\t\t<div class=\"elementor-widget-container\">\n\t\t\t\t\t\t\t\t\t<div class=\"elementor-button-wrapper\">\n\t\t\t\t\t<a class=\"elementor-button elementor-button-link elementor-size-sm elementor-animation-float\" href=\"https:\/\/centroccfogaszat.hu\/en\/fogaszati-kezelesek-fajdalommentes-fogaszat\/\">\n\t\t\t\t\t\t<span class=\"elementor-button-content-wrapper\">\n\t\t\t\t\t\t\t\t\t<span class=\"elementor-button-text\">Our Services<\/span>\n\t\t\t\t\t<\/span>\n\t\t\t\t\t<\/a>\n\t\t\t\t<\/div>\n\t\t\t\t\t\t\t\t<\/div>\n\t\t\t\t<\/div>\n\t\t\t\t<\/div>\n\t\t\t\t\t<\/div>\n\t\t\t\t<\/div>\n\t\t\t\t<\/div>","protected":false},"excerpt":{"rendered":"<p>Garancia &#8211; Centrocc fog\u00e1szat Fog\u00e1szati garancia, amiben val\u00f3ban megb\u00edzhatsz Mit jelent a garanci\u00e1lis fog\u00e1szat a p\u00e1ciensek sz\u00e1m\u00e1ra? A fogp\u00f3tl\u00e1sokat a legmagasabb eur\u00f3pai sz\u00ednvonalon k\u00e9sz\u00edtj\u00fck \u00e9s ezekre 3 \u00e9v teljes k\u00f6r\u0171 garanci\u00e1t v\u00e1llalunk. Minden egy\u00e9b \u00e1ltalunk elk\u00e9sz\u00edtett munk\u00e1ra f\u00e9l \u00e9v garanci\u00e1t adunk. A garancia az \u00e1llapotfelm\u00e9r\u00e9s alapj\u00e1n fel\u00e1ll\u00edtott kezel\u00e9si terv v\u00e9grehajt\u00e1sa ut\u00e1n, a teljes program befejez\u00e9sekor [&hellip;]<\/p>\n","protected":false},"author":2,"featured_media":0,"parent":0,"menu_order":0,"comment_status":"closed","ping_status":"closed","template":"elementor_header_footer","meta":{"_seopress_robots_primary_cat":"","_seopress_titles_title":"Garanci\u00e1lis fog\u00e1szat \u2013 Fog\u00e1szati kezel\u00e9sek val\u00f3di garanci\u00e1val","_seopress_titles_desc":"Tart\u00f3s megold\u00e1sok garanci\u00e1val! V\u00e1laszd a garanci\u00e1lis fog\u00e1szatot, ahol minden kezel\u00e9shez biztos\u00edtott fog\u00e1szati garancia j\u00e1r - min\u0151s\u00e9g, megb\u00edzhat\u00f3s\u00e1g, bizalom.","_seopress_robots_index":"","footnotes":""},"class_list":["post-1077","page","type-page","status-publish","hentry"],"_links":{"self":[{"href":"https:\/\/centroccfogaszat.hu\/en\/wp-json\/wp\/v2\/pages\/1077","targetHints":{"allow":["GET"]}}],"collection":[{"href":"https:\/\/centroccfogaszat.hu\/en\/wp-json\/wp\/v2\/pages"}],"about":[{"href":"https:\/\/centroccfogaszat.hu\/en\/wp-json\/wp\/v2\/types\/page"}],"author":[{"embeddable":true,"href":"https:\/\/centroccfogaszat.hu\/en\/wp-json\/wp\/v2\/users\/2"}],"replies":[{"embeddable":true,"href":"https:\/\/centroccfogaszat.hu\/en\/wp-json\/wp\/v2\/comments?post=1077"}],"version-history":[{"count":66,"href":"https:\/\/centroccfogaszat.hu\/en\/wp-json\/wp\/v2\/pages\/1077\/revisions"}],"predecessor-version":[{"id":3150,"href":"https:\/\/centroccfogaszat.hu\/en\/wp-json\/wp\/v2\/pages\/1077\/revisions\/3150"}],"wp:attachment":[{"href":"https:\/\/centroccfogaszat.hu\/en\/wp-json\/wp\/v2\/media?parent=1077"}],"curies":[{"name":"wp","href":"https:\/\/api.w.org\/{rel}","templated":true}]}}