{"id":1234,"date":"2025-05-28T12:04:32","date_gmt":"2025-05-28T10:04:32","guid":{"rendered":"https:\/\/centroccfogaszat.hu\/?page_id=1234"},"modified":"2025-08-13T14:41:11","modified_gmt":"2025-08-13T12:41:11","slug":"impressum","status":"publish","type":"page","link":"https:\/\/centroccfogaszat.hu\/en\/impresszum\/","title":{"rendered":"Impressum"},"content":{"rendered":"<div data-elementor-type=\"wp-page\" data-elementor-id=\"1234\" class=\"elementor elementor-1234\" data-elementor-post-type=\"page\">\n\t\t\t\t<div class=\"elementor-element elementor-element-6f668789 e-flex e-con-boxed e-con e-parent\" data-id=\"6f668789\" data-element_type=\"container\" data-e-type=\"container\" data-settings=\"{&quot;background_background&quot;:&quot;classic&quot;}\">\n\t\t\t\t\t<div class=\"e-con-inner\">\n\t\t<div class=\"elementor-element elementor-element-20485b8d e-con-full e-flex e-con e-child\" data-id=\"20485b8d\" data-element_type=\"container\" data-e-type=\"container\">\n\t\t\t\t<div class=\"elementor-element elementor-element-4d869996 elementor-invisible elementor-widget elementor-widget-heading\" data-id=\"4d869996\" data-element_type=\"widget\" data-e-type=\"widget\" data-settings=\"{&quot;_animation&quot;:&quot;fadeInUp&quot;,&quot;_animation_delay&quot;:200}\" data-widget_type=\"heading.default\">\n\t\t\t\t<div class=\"elementor-widget-container\">\n\t\t\t\t\t<h1 class=\"elementor-heading-title elementor-size-default\">Impressum<\/h1>\t\t\t\t<\/div>\n\t\t\t\t<\/div>\n\t\t\t\t<\/div>\n\t\t\t\t\t<\/div>\n\t\t\t\t<\/div>\n\t\t<div class=\"elementor-element elementor-element-4a85598 e-flex e-con-boxed e-con e-parent\" data-id=\"4a85598\" data-element_type=\"container\" data-e-type=\"container\">\n\t\t\t\t\t<div class=\"e-con-inner\">\n\t\t<div class=\"elementor-element elementor-element-4a406fef e-con-full e-flex elementor-invisible e-con e-child\" data-id=\"4a406fef\" data-element_type=\"container\" data-e-type=\"container\" data-settings=\"{&quot;animation&quot;:&quot;fadeInLeft&quot;}\">\n\t\t\t\t<div class=\"elementor-element elementor-element-2b639837 elementor-widget elementor-widget-text-editor\" data-id=\"2b639837\" data-element_type=\"widget\" data-e-type=\"widget\" data-widget_type=\"text-editor.default\">\n\t\t\t\t<div class=\"elementor-widget-container\">\n\t\t\t\t\t\t\t\t\t<p class=\"translation-block\">Company name: CENTROCC LauDent Kft.<br>\nHead office: 1036 Budapest, B\u00e9csi \u00fat 52. III. floor, door 4<br>\nPhone: +36 20 3838 207<br>\nEmail: recepcio@centroccfogaszat.hu<br>\nWebsite: centroccfogaszat.hu<\/p><p class=\"translation-block\">Company registration authority: Budapest Regional Court of Registration<br>\nCompany registration number: 01-09-463860<br>\nTax number: 12081976-1-41<\/p><p class=\"translation-block\">Chamber: Budapest Chamber of Commerce and Industry<br>\nHosting provider: RACKFOREST ZRT. (1132 Budapest, Victor Hugo Street 11. 5th floor B05001., info@rackforest.hu)<\/p>\t\t\t\t\t\t\t\t<\/div>\n\t\t\t\t<\/div>\n\t\t\t\t<\/div>\n\t\t\t\t\t<\/div>\n\t\t\t\t<\/div>\n\t\t\t\t<\/div>","protected":false},"excerpt":{"rendered":"<p>Impresszum C\u00e9gn\u00e9v: CENTROCC LauDent Kft.Sz\u00e9khely: 1036 Budapest, B\u00e9csi \u00fat 52. III. em. 4. ajt\u00f3Telefon: +36 20 3838 207E-mail: recepcio@centroccfogaszat.huInternet: centroccfogaszat.hu A c\u00e9get bejegyz\u0151 hat\u00f3s\u00e1g: Budapest K\u00f6rny\u00e9ki T\u00f6rv\u00e9nysz\u00e9k C\u00e9gb\u00edr\u00f3s\u00e1gaC\u00e9gjegyz\u00e9ksz\u00e1m: 01-09-463860Ad\u00f3sz\u00e1m: 12081976-1-41 Kamara: Budapesti Kereskedelmi \u00e9s IparkamaraT\u00e1rhelyszolg\u00e1ltat\u00f3: RACKFOREST ZRT. (1132 Budapest, Victor Hugo utca 11. 5. em. B05001., info@rackforest.hu)<\/p>","protected":false},"author":2,"featured_media":0,"parent":0,"menu_order":0,"comment_status":"closed","ping_status":"closed","template":"elementor_header_footer","meta":{"_seopress_robots_primary_cat":"","_seopress_titles_title":"","_seopress_titles_desc":"","_seopress_robots_index":"","footnotes":""},"class_list":["post-1234","page","type-page","status-publish","hentry"],"_links":{"self":[{"href":"https:\/\/centroccfogaszat.hu\/en\/wp-json\/wp\/v2\/pages\/1234","targetHints":{"allow":["GET"]}}],"collection":[{"href":"https:\/\/centroccfogaszat.hu\/en\/wp-json\/wp\/v2\/pages"}],"about":[{"href":"https:\/\/centroccfogaszat.hu\/en\/wp-json\/wp\/v2\/types\/page"}],"author":[{"embeddable":true,"href":"https:\/\/centroccfogaszat.hu\/en\/wp-json\/wp\/v2\/users\/2"}],"replies":[{"embeddable":true,"href":"https:\/\/centroccfogaszat.hu\/en\/wp-json\/wp\/v2\/comments?post=1234"}],"version-history":[{"count":19,"href":"https:\/\/centroccfogaszat.hu\/en\/wp-json\/wp\/v2\/pages\/1234\/revisions"}],"predecessor-version":[{"id":3108,"href":"https:\/\/centroccfogaszat.hu\/en\/wp-json\/wp\/v2\/pages\/1234\/revisions\/3108"}],"wp:attachment":[{"href":"https:\/\/centroccfogaszat.hu\/en\/wp-json\/wp\/v2\/media?parent=1234"}],"curies":[{"name":"wp","href":"https:\/\/api.w.org\/{rel}","templated":true}]}}